{"id":2606,"date":"2022-08-24T16:31:35","date_gmt":"2022-08-24T13:31:35","guid":{"rendered":"https:\/\/visitoulu.fi\/?page_id=2606"},"modified":"2025-04-08T13:11:23","modified_gmt":"2025-04-08T10:11:23","slug":"oulun-matkailu-oyn-team-member","status":"publish","type":"page","link":"https:\/\/visitoulufi-2025-10-14_10_27_17.test.cchosting.fi\/en\/oulun-matkailu-oyn-team-member\/","title":{"rendered":"Team member of Visit Oulu and Nordic Ring Road"},"content":{"rendered":"<p>Welcome to the website for team members. On this site you will find up-to-date information and advice on how to develop your tourism services. Click below on the menu of your interest and find materials by topic to develop and improve. The tools will help you make the most of the visibility of Visit Oulu and the Nordic Ring Road.<\/p>","protected":false},"excerpt":{"rendered":"<p>Tervetuloa tiimil\u00e4isille suunnatulle sivustolle. T\u00e4lt\u00e4 sivustolta l\u00f6yd\u00e4t ajankohtaista tietoa ja ohjeita matkailupalveluiden kehitt\u00e4miseen. Klikkaa alta itse\u00e4si kiinnostavaa valikkoa ja l\u00f6yd\u00e4 aihealueittain materiaaleja kehitt\u00e4\u00e4 ja kehitty\u00e4.\u00a0Ty\u00f6kalujen avulla p\u00e4\u00e4set hy\u00f6dynt\u00e4m\u00e4\u00e4n Visit Oulun ja Pohjolan rengastien n\u00e4kyvyytt\u00e4 parhaalla mahdollisella tavalla. [&#8230;]<\/p>\n<p><a class=\"btn btn-secondary understrap-read-more-link\" href=\"https:\/\/visitoulufi-2025-10-14_10_27_17.test.cchosting.fi\/en\/oulun-matkailu-oyn-team-member\/\">Read More&#8230;<span class=\"screen-reader-text\"> from Visit Oulun ja Pohjolan rengastien tiimil\u00e4inen<\/span><\/a><\/p>","protected":false},"author":7,"featured_media":0,"parent":0,"menu_order":0,"comment_status":"closed","ping_status":"closed","template":"","meta":{"_acf_changed":false,"content-type":"","footnotes":""},"coauthors":[153],"class_list":["post-2606","page","type-page","status-publish","hentry"],"acf":[],"yoast_head":"<!-- This site is optimized with the Yoast SEO plugin v26.0 - https:\/\/yoast.com\/wordpress\/plugins\/seo\/ -->\n<title>Visit Oulun ja Pohjolan rengastien tiimil\u00e4inen - Visit Oulu<\/title>\n<meta name=\"description\" content=\"Tervetuloa Oulun Matkailu Oy:n tiimil\u00e4isille suunnatulle sivustolle. T\u00e4lt\u00e4 sivustolta l\u00f6yd\u00e4t ajankohtaista tietoa ja ohjeita matkailupalveluiden kehitt\u00e4miseen. Klikkaa alta itse\u00e4si kiinnostavaa valikkoa ja l\u00f6yd\u00e4 aihealueittain materiaaleja kehitt\u00e4\u00e4 ja kehitty\u00e4.\u00a0Ty\u00f6kalujen avulla p\u00e4\u00e4set hy\u00f6dynt\u00e4m\u00e4\u00e4n Visit Oulun ja Pohjolan rengastien n\u00e4kyvyytt\u00e4 parhaalla mahdollisella tavalla.\" \/>\n<meta name=\"robots\" content=\"index, follow, max-snippet:-1, max-image-preview:large, max-video-preview:-1\" \/>\n<link rel=\"canonical\" href=\"https:\/\/visitoulufi-2025-10-14_10_27_17.test.cchosting.fi\/en\/oulun-matkailu-oyn-team-member\/\" \/>\n<meta property=\"og:locale\" content=\"en_US\" \/>\n<meta property=\"og:type\" content=\"article\" \/>\n<meta property=\"og:title\" content=\"Visit Oulun ja Pohjolan rengastien tiimil\u00e4inen - Visit Oulu\" \/>\n<meta property=\"og:description\" content=\"Tervetuloa Oulun Matkailu Oy:n tiimil\u00e4isille suunnatulle sivustolle. T\u00e4lt\u00e4 sivustolta l\u00f6yd\u00e4t ajankohtaista tietoa ja ohjeita matkailupalveluiden kehitt\u00e4miseen. Klikkaa alta itse\u00e4si kiinnostavaa valikkoa ja l\u00f6yd\u00e4 aihealueittain materiaaleja kehitt\u00e4\u00e4 ja kehitty\u00e4.\u00a0Ty\u00f6kalujen avulla p\u00e4\u00e4set hy\u00f6dynt\u00e4m\u00e4\u00e4n Visit Oulun ja Pohjolan rengastien n\u00e4kyvyytt\u00e4 parhaalla mahdollisella tavalla.\" \/>\n<meta property=\"og:url\" content=\"https:\/\/visitoulufi-2025-10-14_10_27_17.test.cchosting.fi\/en\/oulun-matkailu-oyn-team-member\/\" \/>\n<meta property=\"og:site_name\" content=\"Visit Oulu\" \/>\n<meta property=\"article:modified_time\" content=\"2025-04-08T10:11:23+00:00\" \/>\n<meta name=\"twitter:card\" content=\"summary_large_image\" \/>\n<meta name=\"twitter:label1\" content=\"Est. reading time\" \/>\n\t<meta name=\"twitter:data1\" content=\"4 minutes\" \/>\n\t<meta name=\"twitter:label2\" content=\"Written by\" \/>\n\t<meta name=\"twitter:data2\" content=\"Anniina Merikanto\" \/>\n<script type=\"application\/ld+json\" class=\"yoast-schema-graph\">{\"@context\":\"https:\/\/schema.org\",\"@graph\":[{\"@type\":\"WebPage\",\"@id\":\"https:\/\/visitoulufi-2025-10-14_10_27_17.test.cchosting.fi\/oulun-matkailu-oyn-tiimilainen\/\",\"url\":\"https:\/\/visitoulufi-2025-10-14_10_27_17.test.cchosting.fi\/oulun-matkailu-oyn-tiimilainen\/\",\"name\":\"Visit Oulun ja Pohjolan rengastien tiimil\u00e4inen - Visit Oulu\",\"isPartOf\":{\"@id\":\"https:\/\/visitoulufi-2025-10-14_10_27_17.test.cchosting.fi\/#website\"},\"datePublished\":\"2022-08-24T13:31:35+00:00\",\"dateModified\":\"2025-04-08T10:11:23+00:00\",\"description\":\"Tervetuloa Oulun Matkailu Oy:n tiimil\u00e4isille suunnatulle sivustolle. T\u00e4lt\u00e4 sivustolta l\u00f6yd\u00e4t ajankohtaista tietoa ja ohjeita matkailupalveluiden kehitt\u00e4miseen. Klikkaa alta itse\u00e4si kiinnostavaa valikkoa ja l\u00f6yd\u00e4 aihealueittain materiaaleja kehitt\u00e4\u00e4 ja kehitty\u00e4.\u00a0Ty\u00f6kalujen avulla p\u00e4\u00e4set hy\u00f6dynt\u00e4m\u00e4\u00e4n Visit Oulun ja Pohjolan rengastien n\u00e4kyvyytt\u00e4 parhaalla mahdollisella tavalla.\",\"breadcrumb\":{\"@id\":\"https:\/\/visitoulufi-2025-10-14_10_27_17.test.cchosting.fi\/oulun-matkailu-oyn-tiimilainen\/#breadcrumb\"},\"inLanguage\":\"en-US\",\"potentialAction\":[{\"@type\":\"ReadAction\",\"target\":[\"https:\/\/visitoulufi-2025-10-14_10_27_17.test.cchosting.fi\/oulun-matkailu-oyn-tiimilainen\/\"]}]},{\"@type\":\"BreadcrumbList\",\"@id\":\"https:\/\/visitoulufi-2025-10-14_10_27_17.test.cchosting.fi\/oulun-matkailu-oyn-tiimilainen\/#breadcrumb\",\"itemListElement\":[{\"@type\":\"ListItem\",\"position\":1,\"name\":\"Etusivu\",\"item\":\"https:\/\/visitoulufi-2025-10-14_10_27_17.test.cchosting.fi\/\"},{\"@type\":\"ListItem\",\"position\":2,\"name\":\"Visit Oulun ja Pohjolan rengastien tiimil\u00e4inen\"}]},{\"@type\":\"WebSite\",\"@id\":\"https:\/\/visitoulufi-2025-10-14_10_27_17.test.cchosting.fi\/#website\",\"url\":\"https:\/\/visitoulufi-2025-10-14_10_27_17.test.cchosting.fi\/\",\"name\":\"Visit Oulu\",\"description\":\"\",\"potentialAction\":[{\"@type\":\"SearchAction\",\"target\":{\"@type\":\"EntryPoint\",\"urlTemplate\":\"https:\/\/visitoulufi-2025-10-14_10_27_17.test.cchosting.fi\/?s={search_term_string}\"},\"query-input\":{\"@type\":\"PropertyValueSpecification\",\"valueRequired\":true,\"valueName\":\"search_term_string\"}}],\"inLanguage\":\"en-US\"}]}<\/script>\n<!-- \/ Yoast SEO plugin. -->","yoast_head_json":{"title":"Team member of Visit Oulu and Pohjola Rengastien - Visit Oulu","description":"Welcome to Oulu Tourism Ltd's website for team members. On this site you will find up-to-date information and advice on how to develop your tourism services. Click below on the menu of your interest and find materials for development and improvement by topic. The tools will help you make the most of the visibility of Visit Oulu and the Nordic Ring Road.","robots":{"index":"index","follow":"follow","max-snippet":"max-snippet:-1","max-image-preview":"max-image-preview:large","max-video-preview":"max-video-preview:-1"},"canonical":"https:\/\/visitoulufi-2025-10-14_10_27_17.test.cchosting.fi\/en\/oulun-matkailu-oyn-team-member\/","og_locale":"en_US","og_type":"article","og_title":"Visit Oulun ja Pohjolan rengastien tiimil\u00e4inen - Visit Oulu","og_description":"Tervetuloa Oulun Matkailu Oy:n tiimil\u00e4isille suunnatulle sivustolle. T\u00e4lt\u00e4 sivustolta l\u00f6yd\u00e4t ajankohtaista tietoa ja ohjeita matkailupalveluiden kehitt\u00e4miseen. Klikkaa alta itse\u00e4si kiinnostavaa valikkoa ja l\u00f6yd\u00e4 aihealueittain materiaaleja kehitt\u00e4\u00e4 ja kehitty\u00e4.\u00a0Ty\u00f6kalujen avulla p\u00e4\u00e4set hy\u00f6dynt\u00e4m\u00e4\u00e4n Visit Oulun ja Pohjolan rengastien n\u00e4kyvyytt\u00e4 parhaalla mahdollisella tavalla.","og_url":"https:\/\/visitoulufi-2025-10-14_10_27_17.test.cchosting.fi\/en\/oulun-matkailu-oyn-team-member\/","og_site_name":"Visit Oulu","article_modified_time":"2025-04-08T10:11:23+00:00","twitter_card":"summary_large_image","twitter_misc":{"Est. reading time":"4 minutes","Written by":"Anniina Merikanto"},"schema":{"@context":"https:\/\/schema.org","@graph":[{"@type":"WebPage","@id":"https:\/\/visitoulufi-2025-10-14_10_27_17.test.cchosting.fi\/oulun-matkailu-oyn-tiimilainen\/","url":"https:\/\/visitoulufi-2025-10-14_10_27_17.test.cchosting.fi\/oulun-matkailu-oyn-tiimilainen\/","name":"Team member of Visit Oulu and Pohjola Rengastien - Visit Oulu","isPartOf":{"@id":"https:\/\/visitoulufi-2025-10-14_10_27_17.test.cchosting.fi\/#website"},"datePublished":"2022-08-24T13:31:35+00:00","dateModified":"2025-04-08T10:11:23+00:00","description":"Welcome to Oulu Tourism Ltd's website for team members. On this site you will find up-to-date information and advice on how to develop your tourism services. Click below on the menu of your interest and find materials for development and improvement by topic. The tools will help you make the most of the visibility of Visit Oulu and the Nordic Ring Road.","breadcrumb":{"@id":"https:\/\/visitoulufi-2025-10-14_10_27_17.test.cchosting.fi\/oulun-matkailu-oyn-tiimilainen\/#breadcrumb"},"inLanguage":"en-US","potentialAction":[{"@type":"ReadAction","target":["https:\/\/visitoulufi-2025-10-14_10_27_17.test.cchosting.fi\/oulun-matkailu-oyn-tiimilainen\/"]}]},{"@type":"BreadcrumbList","@id":"https:\/\/visitoulufi-2025-10-14_10_27_17.test.cchosting.fi\/oulun-matkailu-oyn-tiimilainen\/#breadcrumb","itemListElement":[{"@type":"ListItem","position":1,"name":"Etusivu","item":"https:\/\/visitoulufi-2025-10-14_10_27_17.test.cchosting.fi\/"},{"@type":"ListItem","position":2,"name":"Visit Oulun ja Pohjolan rengastien tiimil\u00e4inen"}]},{"@type":"WebSite","@id":"https:\/\/visitoulufi-2025-10-14_10_27_17.test.cchosting.fi\/#website","url":"https:\/\/visitoulufi-2025-10-14_10_27_17.test.cchosting.fi\/","name":"Visit Oulu","description":"","potentialAction":[{"@type":"SearchAction","target":{"@type":"EntryPoint","urlTemplate":"https:\/\/visitoulufi-2025-10-14_10_27_17.test.cchosting.fi\/?s={search_term_string}"},"query-input":{"@type":"PropertyValueSpecification","valueRequired":true,"valueName":"search_term_string"}}],"inLanguage":"en-US"}]}},"_links":{"self":[{"href":"https:\/\/visitoulufi-2025-10-14_10_27_17.test.cchosting.fi\/en\/wp-json\/wp\/v2\/pages\/2606","targetHints":{"allow":["GET"]}}],"collection":[{"href":"https:\/\/visitoulufi-2025-10-14_10_27_17.test.cchosting.fi\/en\/wp-json\/wp\/v2\/pages"}],"about":[{"href":"https:\/\/visitoulufi-2025-10-14_10_27_17.test.cchosting.fi\/en\/wp-json\/wp\/v2\/types\/page"}],"author":[{"embeddable":true,"href":"https:\/\/visitoulufi-2025-10-14_10_27_17.test.cchosting.fi\/en\/wp-json\/wp\/v2\/users\/7"}],"replies":[{"embeddable":true,"href":"https:\/\/visitoulufi-2025-10-14_10_27_17.test.cchosting.fi\/en\/wp-json\/wp\/v2\/comments?post=2606"}],"version-history":[{"count":21,"href":"https:\/\/visitoulufi-2025-10-14_10_27_17.test.cchosting.fi\/en\/wp-json\/wp\/v2\/pages\/2606\/revisions"}],"predecessor-version":[{"id":8819,"href":"https:\/\/visitoulufi-2025-10-14_10_27_17.test.cchosting.fi\/en\/wp-json\/wp\/v2\/pages\/2606\/revisions\/8819"}],"wp:attachment":[{"href":"https:\/\/visitoulufi-2025-10-14_10_27_17.test.cchosting.fi\/en\/wp-json\/wp\/v2\/media?parent=2606"}],"wp:term":[{"taxonomy":"author","embeddable":true,"href":"https:\/\/visitoulufi-2025-10-14_10_27_17.test.cchosting.fi\/en\/wp-json\/wp\/v2\/coauthors?post=2606"}],"curies":[{"name":"wp","href":"https:\/\/api.w.org\/{rel}","templated":true}]}}